{"id":203,"date":"2022-01-10T19:58:04","date_gmt":"2022-01-10T19:58:04","guid":{"rendered":"https:\/\/www.sowyslodkiswiat.pl\/?page_id=203"},"modified":"2022-06-17T20:33:57","modified_gmt":"2022-06-17T20:33:57","slug":"oferta","status":"publish","type":"page","link":"https:\/\/www.sowyslodkiswiat.pl\/index.php\/strona-glowna\/oferta\/","title":{"rendered":"Oferta"},"content":{"rendered":"\t\t<div data-elementor-type=\"wp-page\" data-elementor-id=\"203\" class=\"elementor elementor-203\">\n\t\t\t\t\t\t\t\t\t<section class=\"has_eae_slider elementor-section elementor-top-section elementor-element elementor-element-3f14278 elementor-section-boxed elementor-section-height-default elementor-section-height-default\" data-id=\"3f14278\" data-element_type=\"section\" data-settings=\"{&quot;_ha_eqh_enable&quot;:false}\">\n\t\t\t\t\t\t<div class=\"elementor-container elementor-column-gap-default\">\n\t\t\t\t\t<div class=\"has_eae_slider elementor-column elementor-col-100 elementor-top-column elementor-element elementor-element-2674462\" data-id=\"2674462\" data-element_type=\"column\">\n\t\t\t<div class=\"elementor-widget-wrap elementor-element-populated\">\n\t\t\t\t\t\t\t\t<div class=\"elementor-element elementor-element-d431275 elementor-widget elementor-widget-heading\" data-id=\"d431275\" data-element_type=\"widget\" data-widget_type=\"heading.default\">\n\t\t\t\t<div class=\"elementor-widget-container\">\n\t\t\t<style>\/*! elementor - v3.6.6 - 08-06-2022 *\/\n.elementor-heading-title{padding:0;margin:0;line-height:1}.elementor-widget-heading .elementor-heading-title[class*=elementor-size-]>a{color:inherit;font-size:inherit;line-height:inherit}.elementor-widget-heading .elementor-heading-title.elementor-size-small{font-size:15px}.elementor-widget-heading .elementor-heading-title.elementor-size-medium{font-size:19px}.elementor-widget-heading .elementor-heading-title.elementor-size-large{font-size:29px}.elementor-widget-heading .elementor-heading-title.elementor-size-xl{font-size:39px}.elementor-widget-heading .elementor-heading-title.elementor-size-xxl{font-size:59px}<\/style><h2 class=\"elementor-heading-title elementor-size-default\">OFERUJEMY<\/h2>\t\t<\/div>\n\t\t\t\t<\/div>\n\t\t\t\t<div class=\"elementor-element elementor-element-f377de4 elementor-widget elementor-widget-text-editor\" data-id=\"f377de4\" data-element_type=\"widget\" data-widget_type=\"text-editor.default\">\n\t\t\t\t<div class=\"elementor-widget-container\">\n\t\t\t<style>\/*! elementor - v3.6.6 - 08-06-2022 *\/\n.elementor-widget-text-editor.elementor-drop-cap-view-stacked .elementor-drop-cap{background-color:#818a91;color:#fff}.elementor-widget-text-editor.elementor-drop-cap-view-framed .elementor-drop-cap{color:#818a91;border:3px solid;background-color:transparent}.elementor-widget-text-editor:not(.elementor-drop-cap-view-default) .elementor-drop-cap{margin-top:8px}.elementor-widget-text-editor:not(.elementor-drop-cap-view-default) .elementor-drop-cap-letter{width:1em;height:1em}.elementor-widget-text-editor .elementor-drop-cap{float:left;text-align:center;line-height:1;font-size:50px}.elementor-widget-text-editor .elementor-drop-cap-letter{display:inline-block}<\/style>\t\t\t\t<ul><li style=\"font-weight: 400;\" aria-level=\"1\"><span style=\"font-weight: 400;\">TORTY FIRMOWE &#8211; ma\u0142e i du\u017ce z logo firmy, detale dekoracji ustalamy <\/span>indywidualnie, zapewniamy dow\u00f3z pod wskazany adres, w zale\u017cno\u015bci od odleg\u0142o\u015bci mo\u017ce by\u0107 dodatkowo p\u0142atny<\/li><li style=\"font-weight: 400;\" aria-level=\"1\"><span style=\"font-weight: 400;\">TORTY WESELNE &#8211; ma\u0142e i du\u017ce, indywidualne podej\u015bcie do ka\u017cdego <\/span>zam\u00f3wienia, zapewniamy dow\u00f3z do sali weselnej, w zale\u017cno\u015bci od odleg\u0142o\u015bci mo\u017ce by\u0107 dodatkowo p\u0142atny<\/li><li style=\"font-weight: 400;\" aria-level=\"1\"><span style=\"font-weight: 400;\">TORTY NA CHRZEST<\/span><\/li><li style=\"font-weight: 400;\" aria-level=\"1\"><span style=\"font-weight: 400;\">TORTY KOMUNIJNE, ROCZNICOWE<\/span><\/li><li style=\"font-weight: 400;\" aria-level=\"1\"><span style=\"font-weight: 400;\">TORTY URODZINOWE DLA DZIECI &#8211; z motywem r\u00f3\u017cnych bajek itp. z figurkami <\/span>b\u0105d\u017a wydrukiem cukierniczym<\/li><li style=\"font-weight: 400;\" aria-level=\"1\"><span style=\"font-weight: 400;\">TORTY URODZINOWE DLA DOROS\u0141YCH &#8211; indywidualne podej\u015bcie do ka\u017cdego <\/span>zam\u00f3wienia<\/li><li style=\"font-weight: 400;\" aria-level=\"1\"><span style=\"font-weight: 400;\">TORTY NA WIECZ\u00d3R PANIE\u0143SKI, KAWALERSKI<\/span><\/li><li style=\"font-weight: 400;\" aria-level=\"1\"><span style=\"font-weight: 400;\">TORTY NA BABY SHOWER<\/span><\/li><li style=\"font-weight: 400;\" aria-level=\"1\"><span style=\"font-weight: 400;\">TORTY NA KA\u017bD\u0104 OKAZJ\u0118<\/span><\/li><li style=\"font-weight: 400;\" aria-level=\"1\"><span style=\"font-weight: 400;\">TORTY BEZOWE<\/span><\/li><li style=\"font-weight: 400;\" aria-level=\"1\"><span style=\"font-weight: 400;\">TORTY MUFFINKOWE<\/span><\/li><li><span style=\"font-weight: 400;\">TORTY Z MONOPORCJI<\/span><\/li><\/ul><p><span style=\"font-weight: 400;\">WYCENA TORT\u00d3W INDYWIDUALNA W ZALE\u017bNO\u015aCI OD DEKORACJI ORAZ ILO\u015aCI PORCJI<\/span><\/p><p><span style=\"font-weight: 400;\">WYKONUJEMY TAK\u017bE<\/span><\/p><ul><li style=\"font-weight: 400;\" aria-level=\"1\"><span style=\"font-weight: 400;\">S\u0141ODKIE STO\u0141Y Z ARAN\u017bACJ\u0104 W SALI WESELNEJ<\/span><\/li><li style=\"font-weight: 400;\" aria-level=\"1\"><span style=\"font-weight: 400;\">CIASTA , CIASTECZKA<\/span><\/li><li style=\"font-weight: 400;\" aria-level=\"1\"><span style=\"font-weight: 400;\">CIASTECZKA W PODZI\u0118KOWANIU DLA GO\u015aCI<\/span><\/li><li style=\"font-weight: 400;\" aria-level=\"1\"><span style=\"font-weight: 400;\">MONOPORCJE, DESERKI<\/span><\/li><li><span style=\"font-weight: 400;\">TEMATYCZNE ZESTAWY UPOMINKOWE CIASTECZEK np. Dzie\u0144 Nauczyciela, Dzie\u0144 Babci, Dzie\u0144 Dziadka itp.<\/span><\/li><\/ul><p><span style=\"font-weight: 400;\">WSZYSTKIE S\u0141ODKO\u015aCI POWSTAJ\u0104 W OPARCIU O NATURALNE WYSOKIEJ JAKO\u015aCI<\/span><\/p><p><span style=\"font-weight: 400;\">PRODUKTY.<\/span><\/p><p><span style=\"font-weight: 400;\">DODATKOWO OFERUJEMY<\/span><\/p><ul><li><span style=\"font-weight: 400;\">ANIMACJE DLA DZIECI &#8211; balonowe show, mega du\u017ce ba\u0144ki mydlane, <\/span>malowanie buziek itp.- oferta skierowana na r\u00f3\u017cnego rodzaju uroczysto\u015bci: festyny, pikniki, wesela, urodziny itp.<\/li><li><span style=\"font-weight: 400;\">MALOWANIE I SPRZEDA\u017b OBRAZ\u00d3W &#8211; obrazy na p\u0142\u00f3tnie malowane farbami <\/span>akrylowym<\/li><\/ul>\t\t\t\t\t\t<\/div>\n\t\t\t\t<\/div>\n\t\t\t\t\t<\/div>\n\t\t<\/div>\n\t\t\t\t\t\t\t<\/div>\n\t\t<\/section>\n\t\t\t\t\t\t\t<\/div>\n\t\t","protected":false},"excerpt":{"rendered":"<p>OFERUJEMY TORTY FIRMOWE &#8211; ma\u0142e i du\u017ce z logo firmy, detale dekoracji ustalamy indywidualnie, zapewniamy dow\u00f3z pod wskazany adres, w zale\u017cno\u015bci od odleg\u0142o\u015bci mo\u017ce by\u0107 dodatkowo p\u0142atny TORTY WESELNE &#8211; ma\u0142e i du\u017ce, indywidualne podej\u015bcie do ka\u017cdego zam\u00f3wienia, zapewniamy dow\u00f3z do sali weselnej, w zale\u017cno\u015bci od odleg\u0142o\u015bci mo\u017ce by\u0107 dodatkowo p\u0142atny TORTY NA CHRZEST TORTY [&hellip;]<\/p>\n","protected":false},"author":1,"featured_media":0,"parent":34,"menu_order":0,"comment_status":"closed","ping_status":"closed","template":"elementor_header_footer","meta":[],"_links":{"self":[{"href":"https:\/\/www.sowyslodkiswiat.pl\/index.php\/wp-json\/wp\/v2\/pages\/203"}],"collection":[{"href":"https:\/\/www.sowyslodkiswiat.pl\/index.php\/wp-json\/wp\/v2\/pages"}],"about":[{"href":"https:\/\/www.sowyslodkiswiat.pl\/index.php\/wp-json\/wp\/v2\/types\/page"}],"author":[{"embeddable":true,"href":"https:\/\/www.sowyslodkiswiat.pl\/index.php\/wp-json\/wp\/v2\/users\/1"}],"replies":[{"embeddable":true,"href":"https:\/\/www.sowyslodkiswiat.pl\/index.php\/wp-json\/wp\/v2\/comments?post=203"}],"version-history":[{"count":28,"href":"https:\/\/www.sowyslodkiswiat.pl\/index.php\/wp-json\/wp\/v2\/pages\/203\/revisions"}],"predecessor-version":[{"id":716,"href":"https:\/\/www.sowyslodkiswiat.pl\/index.php\/wp-json\/wp\/v2\/pages\/203\/revisions\/716"}],"up":[{"embeddable":true,"href":"https:\/\/www.sowyslodkiswiat.pl\/index.php\/wp-json\/wp\/v2\/pages\/34"}],"wp:attachment":[{"href":"https:\/\/www.sowyslodkiswiat.pl\/index.php\/wp-json\/wp\/v2\/media?parent=203"}],"curies":[{"name":"wp","href":"https:\/\/api.w.org\/{rel}","templated":true}]}}